{"id":8452,"date":"2026-03-05T15:10:56","date_gmt":"2026-03-05T14:10:56","guid":{"rendered":"https:\/\/becobra.be\/cookies\/"},"modified":"2026-03-05T16:14:43","modified_gmt":"2026-03-05T15:14:43","slug":"cookies","status":"publish","type":"page","link":"https:\/\/becobra.be\/fr\/cookies\/","title":{"rendered":"Cookies"},"content":{"rendered":"\t\t<div data-elementor-type=\"wp-page\" data-elementor-id=\"8452\" class=\"elementor elementor-8452 elementor-8377\" data-elementor-settings=\"{&quot;element_pack_global_tooltip_width&quot;:{&quot;unit&quot;:&quot;px&quot;,&quot;size&quot;:&quot;&quot;,&quot;sizes&quot;:[]},&quot;element_pack_global_tooltip_width_tablet&quot;:{&quot;unit&quot;:&quot;px&quot;,&quot;size&quot;:&quot;&quot;,&quot;sizes&quot;:[]},&quot;element_pack_global_tooltip_width_mobile&quot;:{&quot;unit&quot;:&quot;px&quot;,&quot;size&quot;:&quot;&quot;,&quot;sizes&quot;:[]},&quot;element_pack_global_tooltip_padding&quot;:{&quot;unit&quot;:&quot;px&quot;,&quot;top&quot;:&quot;&quot;,&quot;right&quot;:&quot;&quot;,&quot;bottom&quot;:&quot;&quot;,&quot;left&quot;:&quot;&quot;,&quot;isLinked&quot;:true},&quot;element_pack_global_tooltip_padding_tablet&quot;:{&quot;unit&quot;:&quot;px&quot;,&quot;top&quot;:&quot;&quot;,&quot;right&quot;:&quot;&quot;,&quot;bottom&quot;:&quot;&quot;,&quot;left&quot;:&quot;&quot;,&quot;isLinked&quot;:true},&quot;element_pack_global_tooltip_padding_mobile&quot;:{&quot;unit&quot;:&quot;px&quot;,&quot;top&quot;:&quot;&quot;,&quot;right&quot;:&quot;&quot;,&quot;bottom&quot;:&quot;&quot;,&quot;left&quot;:&quot;&quot;,&quot;isLinked&quot;:true},&quot;element_pack_global_tooltip_border_radius&quot;:{&quot;unit&quot;:&quot;px&quot;,&quot;top&quot;:&quot;&quot;,&quot;right&quot;:&quot;&quot;,&quot;bottom&quot;:&quot;&quot;,&quot;left&quot;:&quot;&quot;,&quot;isLinked&quot;:true},&quot;element_pack_global_tooltip_border_radius_tablet&quot;:{&quot;unit&quot;:&quot;px&quot;,&quot;top&quot;:&quot;&quot;,&quot;right&quot;:&quot;&quot;,&quot;bottom&quot;:&quot;&quot;,&quot;left&quot;:&quot;&quot;,&quot;isLinked&quot;:true},&quot;element_pack_global_tooltip_border_radius_mobile&quot;:{&quot;unit&quot;:&quot;px&quot;,&quot;top&quot;:&quot;&quot;,&quot;right&quot;:&quot;&quot;,&quot;bottom&quot;:&quot;&quot;,&quot;left&quot;:&quot;&quot;,&quot;isLinked&quot;:true}}\" data-elementor-post-type=\"page\">\n\t\t\t\t<div class=\"elementor-element elementor-element-6384114 e-flex e-con-boxed e-con e-parent\" data-id=\"6384114\" data-element_type=\"container\" data-e-type=\"container\">\n\t\t\t\t\t<div class=\"e-con-inner\">\n\t\t\t\t<div class=\"elementor-element elementor-element-395b4d5 elementor-widget elementor-widget-heading\" data-id=\"395b4d5\" data-element_type=\"widget\" data-e-type=\"widget\" data-widget_type=\"heading.default\">\n\t\t\t\t<div class=\"elementor-widget-container\">\n\t\t\t\t\t<h1 class=\"elementor-heading-title elementor-size-default\">Cookies<\/h1>\t\t\t\t<\/div>\n\t\t\t\t<\/div>\n\t\t\t\t<div class=\"elementor-element elementor-element-fde2584 elementor-widget elementor-widget-text-editor\" data-id=\"fde2584\" data-element_type=\"widget\" data-e-type=\"widget\" data-widget_type=\"text-editor.default\">\n\t\t\t\t<div class=\"elementor-widget-container\">\n\t\t\t\t\t\t\t\t\t<h4 class=\"elementor-heading-title elementor-size-default\">Quels cookies utilisons-nous sur notre site web ?<\/h4><p>\u00a0<\/p><table border=\"1\"><tbody><tr><td><b>COOKIE<\/b><\/td><td><b>DOMAINE<\/b><\/td><td><b>DESCRIPTION<\/b><\/td><td><b>DUR\u00c9E<\/b><\/td><td><b>TYPE<\/b><\/td><\/tr><tr><td>__Secure-3PSIDCC<\/td><td>google.com<\/td><td>Utilis\u00e9 \u00e0 des fins de s\u00e9curit\u00e9 et de pr\u00e9vention de la fraude.<\/td><td>1 an<\/td><td>S\u00e9curit\u00e9<\/td><\/tr><tr><td>__Secure-1PSIDCC<\/td><td>google.com<\/td><td>Am\u00e9liore la s\u00e9curit\u00e9 des utilisateurs et aide \u00e0 la d\u00e9tection des fraudes.<\/td><td>1 an<\/td><td>S\u00e9curit\u00e9<\/td><\/tr><tr><td>SIDCC<\/td><td>google.com<\/td><td>Cookie de s\u00e9curit\u00e9 pour prot\u00e9ger les donn\u00e9es contre les acc\u00e8s non autoris\u00e9s.<\/td><td>1 an<\/td><td>S\u00e9curit\u00e9<\/td><\/tr><tr><td>__Secure-ENID<\/td><td>google.com<\/td><td>Ce cookie est d\u00e9fini par Google et sert \u00e0 stocker les pr\u00e9f\u00e9rences et informations de l&rsquo;utilisateur, telles que les pr\u00e9f\u00e9rences linguistiques et les r\u00e9sultats de recherche personnalis\u00e9s.<\/td><td>1 an<\/td><td>Analytique<\/td><\/tr><tr><td>CONSENT<\/td><td>google.com<\/td><td>Utilis\u00e9 pour la gestion du consentement dans le cadre du RGPD.<\/td><td>Persistant<\/td><td>N\u00e9cessaire<\/td><\/tr><tr><td>__Secure-1PAPISID<\/td><td>google.com<\/td><td>Cr\u00e9e un profil pour la publicit\u00e9 cibl\u00e9e.<\/td><td>2 ans<\/td><td>Publicit\u00e9<\/td><\/tr><tr><td>SAPISID<\/td><td>google.com<\/td><td>Collecte des informations sur l&rsquo;utilisateur pour les vid\u00e9os h\u00e9berg\u00e9es sur YouTube.<\/td><td>2 ans<\/td><td>Publicit\u00e9<\/td><\/tr><tr><td>__Secure-1PSID<\/td><td>google.com<\/td><td>Diffuse des publicit\u00e9s personnalis\u00e9es \u00e0 l&rsquo;utilisateur.<\/td><td>2 ans<\/td><td>Publicit\u00e9<\/td><\/tr><tr><td>SID<\/td><td>google.com<\/td><td>Assure la s\u00e9curit\u00e9 et pr\u00e9vient l&rsquo;utilisation frauduleuse des identifiants de connexion.<\/td><td>2 ans<\/td><td>S\u00e9curit\u00e9<\/td><\/tr><tr><td>__Secure-3PSIDTS<\/td><td>google.com<\/td><td>Li\u00e9 \u00e0 l&rsquo;authentification des utilisateurs et \u00e0 la pr\u00e9vention de la fraude.<\/td><td>Session<\/td><td>S\u00e9curit\u00e9<\/td><\/tr><tr><td>__Secure-1PSIDTS<\/td><td>google.com<\/td><td>S\u00e9curit\u00e9, notamment en mati\u00e8re d&rsquo;authentification des utilisateurs.<\/td><td>Session<\/td><td>S\u00e9curit\u00e9<\/td><\/tr><tr><td>__Secure-3PAPISID<\/td><td>google.com<\/td><td>Cr\u00e9e un profil pour la publicit\u00e9 cibl\u00e9e.<\/td><td>2 ans<\/td><td>Publicit\u00e9<\/td><\/tr><tr><td>APISID<\/td><td>google.com<\/td><td>Publicit\u00e9 cibl\u00e9e bas\u00e9e sur les centres d&rsquo;int\u00e9r\u00eat de l&rsquo;utilisateur.<\/td><td>2 ans<\/td><td>Publicit\u00e9<\/td><\/tr><tr><td>__Secure-3PSID<\/td><td>google.com<\/td><td>Ciblage et cr\u00e9ation de profils \u00e0 des fins publicitaires.<\/td><td>2 ans<\/td><td>Publicit\u00e9<\/td><\/tr><tr><td>SSID<\/td><td>google.com<\/td><td>Cr\u00e9e un profil pour les publicit\u00e9s Google personnalis\u00e9es.<\/td><td>2 ans<\/td><td>Publicit\u00e9<\/td><\/tr><tr><td>HSID<\/td><td>google.com<\/td><td>S\u00e9curit\u00e9, stockage des comptes utilisateurs sign\u00e9s et chiffr\u00e9s.<\/td><td>2 ans<\/td><td>S\u00e9curit\u00e9<\/td><\/tr><tr><td>ar_debug<\/td><td>.region1.google-analytics.com<\/td><td>Utilis\u00e9 \u00e0 des fins de d\u00e9bogage et techniques.<\/td><td>Session<\/td><td>Fonctionnel<\/td><\/tr><tr><td>DV<\/td><td>google.com<\/td><td>Utilis\u00e9 pour le suivi et la personnalisation des publicit\u00e9s.<\/td><td>Session<\/td><td>Publicit\u00e9<\/td><\/tr><tr><td>AEC<\/td><td>google.com<\/td><td>Garantit la s\u00e9curit\u00e9 des donn\u00e9es et la protection contre les abus.<\/td><td>6 mois<\/td><td>S\u00e9curit\u00e9<\/td><\/tr><tr><td>OGPC<\/td><td>google.com<\/td><td>Active les fonctionnalit\u00e9s de Google Maps.<\/td><td>1 mois<\/td><td>Fonctionnel<\/td><\/tr><tr><td>1P_JAR<\/td><td>google.com<\/td><td>Collecte des statistiques de site web et des taux de conversion.<\/td><td>1 mois<\/td><td>Analytique<\/td><\/tr><tr><td>SEARCH_SAMESITE<\/td><td>google.com<\/td><td>Emp\u00eache l&rsquo;envoi de ce cookie lors de requ\u00eates intersites.<\/td><td>6 mois<\/td><td>S\u00e9curit\u00e9<\/td><\/tr><tr><td>NID<\/td><td>google.com<\/td><td>M\u00e9morise les pr\u00e9f\u00e9rences de l&rsquo;utilisateur, telles que la langue.<\/td><td>6 mois<\/td><td>Fonctionnel<\/td><\/tr><tr><td>wp-settings-time-3<\/td><td>becobra.be<\/td><td>Personnalise l&rsquo;affichage de l&rsquo;interface d&rsquo;administration.<\/td><td>1 an<\/td><td>Fonctionnel<\/td><\/tr><tr><td>wordpress_sec_14e83370e06a5a98953ae1f01178b006<\/td><td>becobra.be<\/td><td>Utilis\u00e9 pour maintenir la s\u00e9curit\u00e9 lors de la connexion.<\/td><td>Session<\/td><td>S\u00e9curit\u00e9<\/td><\/tr><tr><td>_ga_NMRC8VL20L<\/td><td>becobra.be<\/td><td>Diff\u00e9rencie les utilisateurs \u00e0 des fins analytiques.<\/td><td>2 ans<\/td><td>Analytique<\/td><\/tr><tr><td>moove_gdpr_popup<\/td><td>becobra.be<\/td><td>Utilis\u00e9 pour la gestion du consentement RGPD.<\/td><td>1 an<\/td><td>N\u00e9cessaire<\/td><\/tr><tr><td>wordpress_logged_in_14e83370e06a5a98953ae1f01178b006<\/td><td>becobra.be<\/td><td>Identifie l&rsquo;utilisateur connect\u00e9 pour l&rsquo;administration WordPress.<\/td><td>Session<\/td><td>S\u00e9curit\u00e9<\/td><\/tr><tr><td>_ga<\/td><td>becobra.be<\/td><td>Diff\u00e9rencie les utilisateurs \u00e0 des fins analytiques.<\/td><td>2 ans<\/td><td>Analytique<\/td><\/tr><tr><td>OTZ<\/td><td>google.com<\/td><td>Utilis\u00e9 par Google Analytics pour une analyse agr\u00e9g\u00e9e des visiteurs du site web.<\/td><td>Session<\/td><td>Analytique<\/td><\/tr><tr><td>wordpress_test_cookie<\/td><td>becobra.be<\/td><td>V\u00e9rifie si les cookies sont activ\u00e9s dans le navigateur.<\/td><td>Session<\/td><td>N\u00e9cessaire<\/td><\/tr><\/tbody><\/table>\t\t\t\t\t\t\t\t<\/div>\n\t\t\t\t<\/div>\n\t\t\t\t\t<\/div>\n\t\t\t\t<\/div>\n\t\t\t\t<\/div>\n\t\t","protected":false},"excerpt":{"rendered":"<p>Cookies Quels cookies utilisons-nous sur notre site web ? \u00a0 COOKIE DOMAINE DESCRIPTION DUR\u00c9E TYPE __Secure-3PSIDCC google.com Utilis\u00e9 \u00e0 des fins de s\u00e9curit\u00e9 et de pr\u00e9vention de la fraude. 1 an S\u00e9curit\u00e9 __Secure-1PSIDCC google.com Am\u00e9liore la s\u00e9curit\u00e9 des utilisateurs et aide \u00e0 la d\u00e9tection des fraudes. 1 an S\u00e9curit\u00e9 SIDCC google.com Cookie de s\u00e9curit\u00e9 pour [&hellip;]<\/p>\n","protected":false},"author":1,"featured_media":0,"parent":0,"menu_order":0,"comment_status":"closed","ping_status":"closed","template":"","meta":{"_acf_changed":false,"footnotes":""},"class_list":["post-8452","page","type-page","status-publish","hentry"],"acf":[],"_links":{"self":[{"href":"https:\/\/becobra.be\/fr\/wp-json\/wp\/v2\/pages\/8452","targetHints":{"allow":["GET"]}}],"collection":[{"href":"https:\/\/becobra.be\/fr\/wp-json\/wp\/v2\/pages"}],"about":[{"href":"https:\/\/becobra.be\/fr\/wp-json\/wp\/v2\/types\/page"}],"author":[{"embeddable":true,"href":"https:\/\/becobra.be\/fr\/wp-json\/wp\/v2\/users\/1"}],"replies":[{"embeddable":true,"href":"https:\/\/becobra.be\/fr\/wp-json\/wp\/v2\/comments?post=8452"}],"version-history":[{"count":7,"href":"https:\/\/becobra.be\/fr\/wp-json\/wp\/v2\/pages\/8452\/revisions"}],"predecessor-version":[{"id":8479,"href":"https:\/\/becobra.be\/fr\/wp-json\/wp\/v2\/pages\/8452\/revisions\/8479"}],"wp:attachment":[{"href":"https:\/\/becobra.be\/fr\/wp-json\/wp\/v2\/media?parent=8452"}],"curies":[{"name":"wp","href":"https:\/\/api.w.org\/{rel}","templated":true}]}}