{"id":8423,"date":"2026-03-05T15:07:56","date_gmt":"2026-03-05T14:07:56","guid":{"rendered":"https:\/\/becobra.be\/gebruiksvoorwaarden-ledenportaal\/"},"modified":"2026-03-05T15:59:06","modified_gmt":"2026-03-05T14:59:06","slug":"conditions-dutilisation-du-portail-des-membres","status":"publish","type":"page","link":"https:\/\/becobra.be\/fr\/conditions-dutilisation-du-portail-des-membres\/","title":{"rendered":"Conditions d\u2019utilisation du portail des membres"},"content":{"rendered":"\t\t<div data-elementor-type=\"wp-page\" data-elementor-id=\"8423\" class=\"elementor elementor-8423 elementor-8374\" data-elementor-settings=\"{&quot;element_pack_global_tooltip_width&quot;:{&quot;unit&quot;:&quot;px&quot;,&quot;size&quot;:&quot;&quot;,&quot;sizes&quot;:[]},&quot;element_pack_global_tooltip_width_tablet&quot;:{&quot;unit&quot;:&quot;px&quot;,&quot;size&quot;:&quot;&quot;,&quot;sizes&quot;:[]},&quot;element_pack_global_tooltip_width_mobile&quot;:{&quot;unit&quot;:&quot;px&quot;,&quot;size&quot;:&quot;&quot;,&quot;sizes&quot;:[]},&quot;element_pack_global_tooltip_padding&quot;:{&quot;unit&quot;:&quot;px&quot;,&quot;top&quot;:&quot;&quot;,&quot;right&quot;:&quot;&quot;,&quot;bottom&quot;:&quot;&quot;,&quot;left&quot;:&quot;&quot;,&quot;isLinked&quot;:true},&quot;element_pack_global_tooltip_padding_tablet&quot;:{&quot;unit&quot;:&quot;px&quot;,&quot;top&quot;:&quot;&quot;,&quot;right&quot;:&quot;&quot;,&quot;bottom&quot;:&quot;&quot;,&quot;left&quot;:&quot;&quot;,&quot;isLinked&quot;:true},&quot;element_pack_global_tooltip_padding_mobile&quot;:{&quot;unit&quot;:&quot;px&quot;,&quot;top&quot;:&quot;&quot;,&quot;right&quot;:&quot;&quot;,&quot;bottom&quot;:&quot;&quot;,&quot;left&quot;:&quot;&quot;,&quot;isLinked&quot;:true},&quot;element_pack_global_tooltip_border_radius&quot;:{&quot;unit&quot;:&quot;px&quot;,&quot;top&quot;:&quot;&quot;,&quot;right&quot;:&quot;&quot;,&quot;bottom&quot;:&quot;&quot;,&quot;left&quot;:&quot;&quot;,&quot;isLinked&quot;:true},&quot;element_pack_global_tooltip_border_radius_tablet&quot;:{&quot;unit&quot;:&quot;px&quot;,&quot;top&quot;:&quot;&quot;,&quot;right&quot;:&quot;&quot;,&quot;bottom&quot;:&quot;&quot;,&quot;left&quot;:&quot;&quot;,&quot;isLinked&quot;:true},&quot;element_pack_global_tooltip_border_radius_mobile&quot;:{&quot;unit&quot;:&quot;px&quot;,&quot;top&quot;:&quot;&quot;,&quot;right&quot;:&quot;&quot;,&quot;bottom&quot;:&quot;&quot;,&quot;left&quot;:&quot;&quot;,&quot;isLinked&quot;:true}}\" data-elementor-post-type=\"page\">\n\t\t\t\t<div class=\"elementor-element elementor-element-995fb04 e-flex e-con-boxed e-con e-parent\" data-id=\"995fb04\" data-element_type=\"container\" data-e-type=\"container\">\n\t\t\t\t\t<div class=\"e-con-inner\">\n\t\t\t\t<div class=\"elementor-element elementor-element-5a7252d elementor-widget elementor-widget-heading\" data-id=\"5a7252d\" data-element_type=\"widget\" data-e-type=\"widget\" data-widget_type=\"heading.default\">\n\t\t\t\t<div class=\"elementor-widget-container\">\n\t\t\t\t\t<h1 class=\"elementor-heading-title elementor-size-default\">Conditions d\u2019utilisation du portail des membres \u2013 Becobra (anciennement BVVM\/UPCA)<\/h1>\t\t\t\t<\/div>\n\t\t\t\t<\/div>\n\t\t\t\t<div class=\"elementor-element elementor-element-1fa62a7 elementor-widget elementor-widget-text-editor\" data-id=\"1fa62a7\" data-element_type=\"widget\" data-e-type=\"widget\" data-widget_type=\"text-editor.default\">\n\t\t\t\t<div class=\"elementor-widget-container\">\n\t\t\t\t\t\t\t\t\t<p><span style=\"font-weight: 400;\">Les pr\u00e9sentes conditions s\u2019appliquent sp\u00e9cifiquement \u00e0 la partie s\u00e9curis\u00e9e du site internet de Becobra (ci-apr\u00e8s le \u00ab Portail des Membres \u00bb) et compl\u00e8tent les Conditions G\u00e9n\u00e9rales d\u2019Utilisation du site.<\/span><\/p><h4><b>1. Identit\u00e9 et coordonn\u00e9es de l\u2019entreprise<\/b><\/h4><p><span style=\"font-weight: 400;\">Ce site web et le Portail des Membres associ\u00e9 sont g\u00e9r\u00e9s et d\u00e9tenus par :<\/span><\/p><p><b>D\u00e9nomination sociale<\/b><span style=\"font-weight: 400;\"> : BECOBRA<\/span><span style=\"font-weight: 400;\"><br \/><\/span><b>Forme juridique<\/b><span style=\"font-weight: 400;\"> : Association Sans But Lucratif (ASBL)<\/span><span style=\"font-weight: 400;\"><br \/><\/span><b>Adresse du si\u00e8ge<\/b><span style=\"font-weight: 400;\"> : 19, Boulevard du Roi Albert II (Phoenix Building \u2013 10e \u00e9tage), 1210 Bruxelles (Belgique)<\/span><span style=\"font-weight: 400;\"><br \/><\/span><b>Num\u00e9ro d\u2019entreprise<\/b><span style=\"font-weight: 400;\"> : 0443.023.249<\/span><span style=\"font-weight: 400;\"><br \/><\/span><b>Num\u00e9ro de TVA<\/b><span style=\"font-weight: 400;\"> : BE 0443.023.249<\/span><span style=\"font-weight: 400;\"><br \/><\/span><b>T\u00e9l<\/b><span style=\"font-weight: 400;\"> : <a href=\"tel:+32 491 72 57 94\">+32 491 72 57 94<\/a><\/span><span style=\"font-weight: 400;\"><br \/><\/span><b>E-mail<\/b><span style=\"font-weight: 400;\"> : <\/span><a href=\"mailto:info@becobra.be\"><span style=\"font-weight: 400;\">info@becobra.be<\/span><span style=\"font-weight: 400;\"><br \/><\/span><\/a><\/p><h4><b>2. Champ d\u2019application et acceptation<\/b><\/h4><p><b>2.1 <\/b><span style=\"font-weight: 400;\">En acc\u00e9dant au Portail des Membres et en l\u2019utilisant, vous acceptez express\u00e9ment les Conditions G\u00e9n\u00e9rales d\u2019Utilisation ainsi que les pr\u00e9sentes conditions compl\u00e9mentaires. Ces conditions s\u2019appliquent \u00e0 la version actuelle du site et du Portail des Membres ainsi qu\u2019\u00e0 toutes les versions futures, mises \u00e0 jour ou renouvellements.<\/span><span style=\"font-weight: 400;\"><br \/><\/span><span style=\"font-weight: 400;\">Si vous n\u2019\u00eates pas d\u2019accord, nous vous invitons \u00e0 ne pas utiliser le site.<\/span><\/p><p><b>2.2 <\/b><span style=\"font-weight: 400;\">Becobra se r\u00e9serve le droit de modifier ces conditions \u00e0 tout moment. Les modifications importantes seront communiqu\u00e9es via le Portail des Membres ou par e-mail aux membres enregistr\u00e9s.<\/span><\/p><p><b>2.3 <\/b><span style=\"font-weight: 400;\">Si une disposition des pr\u00e9sentes conditions est d\u00e9clar\u00e9e nulle, invalide ou inapplicable, cela n\u2019affectera pas la validit\u00e9 des autres dispositions.<\/span><\/p><h4><b>3. Acc\u00e8s et inscription<\/b><\/h4><p><b>3.1 <\/b><span style=\"font-weight: 400;\">L\u2019acc\u00e8s au Portail des Membres est strictement r\u00e9serv\u00e9 aux courtiers d\u2019assurances affili\u00e9s (y compris ind\u00e9pendants, PME et bureaux de courtage) ainsi qu\u2019\u00e0 leurs collaborateurs autoris\u00e9s disposant d\u2019un droit d\u2019acc\u00e8s valide aupr\u00e8s de Becobra.<\/span><\/p><p><b>3.2 <\/b><span style=\"font-weight: 400;\">Chaque utilisateur dispose d\u2019un compte personnel. Il est strictement interdit de partager ses identifiants (nom d\u2019utilisateur et mot de passe) avec des tiers ne disposant pas d\u2019un compte autoris\u00e9. <\/span><span style=\"font-weight: 400;\">Si le membre est une soci\u00e9t\u00e9 ou un bureau, celui-ci est solidairement responsable de l\u2019utilisation du Portail des Membres par ses employ\u00e9s, administrateurs ou mandataires. <\/span><span style=\"font-weight: 400;\">Le bureau est \u00e9galement responsable d\u2019informer imm\u00e9diatement Becobra et de faire d\u00e9sactiver le compte lorsqu\u2019un collaborateur quitte l\u2019organisation.<\/span><\/p><p><b>3.3 <\/b><span style=\"font-weight: 400;\">L\u2019utilisateur est responsable de la s\u00e9curit\u00e9 de son mot de passe. En cas de suspicion d\u2019abus ou de vol des identifiants, l\u2019utilisateur doit en informer imm\u00e9diatement Becobra.<\/span><b><br \/><\/b><\/p><h4><b>4. Utilisation de la documentation et des informations<\/b><\/h4><p><b>4.1 <\/b><span style=\"font-weight: 400;\">Le Portail des Membres sert d\u2019archive num\u00e9rique et de centre de connaissances o\u00f9 Becobra met \u00e0 disposition des documents (tels que mod\u00e8les, analyses juridiques, directives sectorielles et pr\u00e9sentations), des vid\u00e9os et des images.<\/span><\/p><p><b>4.2 <\/b><span style=\"font-weight: 400;\">Les membres ont le droit de consulter et de t\u00e9l\u00e9charger les documents publi\u00e9s pour un usage professionnel interne au sein de leur propre bureau ou entreprise d\u2019assurance.<\/span><\/p><p><b>4.3 <\/b><span style=\"font-weight: 400;\">Le Portail des Membres ne permet aucune communication interactive, t\u00e9l\u00e9chargement ou modification par les membres. Seule Becobra est habilit\u00e9e \u00e0 publier des informations.<\/span><\/p><p><b>4.4 <\/b><span style=\"font-weight: 400;\">Il est interdit de rendre publics, vendre ou diffuser les documents du Portail des Membres \u00e0 des non-membres ou \u00e0 des tiers (tels que fournisseurs de logiciels ou organisations professionnelles concurrentes) sans autorisation \u00e9crite expresse de Becobra.<\/span><span style=\"font-weight: 400;\"><br \/><\/span><span style=\"font-weight: 400;\">Il est \u00e9galement interdit d\u2019utiliser l\u2019acc\u00e8s au portail pour d\u00e9velopper des services concurren\u00e7ant directement les activit\u00e9s de Becobra.<\/span><\/p><p><b>4.5 <\/b><span style=\"font-weight: 400;\">Il est interdit d\u2019utiliser des syst\u00e8mes automatis\u00e9s (tels que bots ou crawlers) pour extraire des donn\u00e9es ou documents du Portail des Membres. Toute forme de data mining ou web scraping est strictement interdite.<\/span><\/p><h4><b>5. Propri\u00e9t\u00e9 intellectuelle<\/b><\/h4><p><b>5.1 <\/b><span style=\"font-weight: 400;\">Tous les documents, mod\u00e8les et donn\u00e9es publi\u00e9s par Becobra restent la propri\u00e9t\u00e9 intellectuelle exclusive de l\u2019ASBL ou de ses conc\u00e9dants de licence. La structure et la s\u00e9lection des documents sont \u00e9galement prot\u00e9g\u00e9es.<\/span><\/p><p><b>5.2 <\/b><span style=\"font-weight: 400;\">Le t\u00e9l\u00e9chargement d\u2019un document n\u2019implique aucun transfert de droits de propri\u00e9t\u00e9, mais uniquement un droit d\u2019usage limit\u00e9 \u00e0 la dur\u00e9e de l\u2019adh\u00e9sion.<\/span><\/p><h4><b>6. Limitation de responsabilit\u00e9<\/b><\/h4><p><b>6.1 <\/b><span style=\"font-weight: 400;\">Becobra s\u2019efforce de fournir des informations de haute qualit\u00e9. Compte tenu de la complexit\u00e9 et de l\u2019\u00e9volution rapide de la l\u00e9gislation dans le secteur des assurances (telle qu\u2019AssurMiFID et la l\u00e9gislation anti-blanchiment), toutes les informations sont fournies \u00ab en l\u2019\u00e9tat \u00bb au moment de leur publication. <\/span><span style=\"font-weight: 400;\">Becobra est tenue uniquement \u00e0 une obligation de moyens et ne peut \u00eatre tenue responsable de l\u2019absence d\u2019un r\u00e9sultat sp\u00e9cifique, ni des dommages r\u00e9sultant d\u2019erreurs d\u2019interpr\u00e9tation ou de l\u2019utilisation de documents obsol\u00e8tes. L\u2019utilisation des documents ne dispense jamais le courtier de ses obligations professionnelles, l\u00e9gales et d\u00e9ontologiques propres. La responsabilit\u00e9 envers les clients et les autorit\u00e9s de contr\u00f4le (telles que la FSMA) incombe exclusivement au courtier.<\/span><\/p><p><b>6.2 <\/b><span style=\"font-weight: 400;\">Becobra ne garantit pas une disponibilit\u00e9 24\/7 du portail et n\u2019est pas responsable des pannes techniques emp\u00eachant temporairement l\u2019acc\u00e8s aux documents ni des dommages caus\u00e9s par des actes malveillants de tiers.<\/span><\/p><p><b>6.3 <\/b><span style=\"font-weight: 400;\">Le Portail des Membres peut contenir des liens hypertextes vers des sites tiers. Becobra n\u2019exerce aucun contr\u00f4le sur ces sites et d\u00e9cline toute responsabilit\u00e9 quant \u00e0 leur contenu, fonctionnement ou dommages \u00e9ventuels.<\/span><\/p><p><b>6.4 <\/b><span style=\"font-weight: 400;\">L\u2019utilisateur et\/ou le bureau qu\u2019il repr\u00e9sente s\u2019engage \u00e0 indemniser Becobra contre toute r\u00e9clamation de tiers (y compris dommages et int\u00e9r\u00eats) r\u00e9sultant d\u2019une utilisation, diffusion ou fuite ill\u00e9gale de documents ou informations du Portail.<\/span><\/p><h4><b>7. Fin de l\u2019acc\u00e8s<\/b><\/h4><p><b>7.1 <\/b><span style=\"font-weight: 400;\">L\u2019acc\u00e8s au Portail des Membres prend automatiquement fin :<\/span><\/p><ol><li style=\"font-weight: 400;\" aria-level=\"1\"><span style=\"font-weight: 400;\">\u00c0 la fin de l\u2019adh\u00e9sion de la personne concern\u00e9e ou de l\u2019entreprise qu\u2019elle repr\u00e9sente.<\/span><\/li><li style=\"font-weight: 400;\" aria-level=\"1\"><span style=\"font-weight: 400;\">En cas d\u2019abus des identifiants ou de diffusion ill\u00e9gale de documents.<\/span><\/li><li style=\"font-weight: 400;\" aria-level=\"1\"><span style=\"font-weight: 400;\">En cas de cessation des activit\u00e9s professionnelles de courtier d\u2019assurances.<\/span><\/li><li style=\"font-weight: 400;\" aria-level=\"1\"><span style=\"font-weight: 400;\">Lorsqu\u2019un collaborateur quitte un bureau affili\u00e9.<\/span><\/li><\/ol><h4><b><\/b><b>8. Vie priv\u00e9e et cookies<\/b><\/h4><p><b>8.1 <\/b><span style=\"font-weight: 400;\">Lors de la visite du site, de l\u2019inscription \u00e0 des \u00e9v\u00e9nements ou de la cr\u00e9ation d\u2019un compte, Becobra collecte des donn\u00e9es personnelles trait\u00e9es conform\u00e9ment au RGPD.<\/span><\/p><p><b>8.2 <\/b><span style=\"font-weight: 400;\">Pour plus d\u2019informations, veuillez consulter notre <a href=\"https:\/\/becobra.be\/fr\/politique-de-confidentialite\/\">Politique de confidentialit\u00e9<\/a> et notre <a href=\"https:\/\/becobra.be\/fr\/cookies\">Politique de cookies<\/a>.<\/span><\/p><h4><b>9. Droit applicable et juridictions comp\u00e9tentes<\/b><\/h4><p><b>9.1 <\/b><span style=\"font-weight: 400;\">Le droit belge est exclusivement applicable.<\/span><\/p><p><b>9.2 <\/b><span style=\"font-weight: 400;\">En cas de litige, les parties tenteront d\u2019abord un r\u00e8glement amiable. \u00c0 d\u00e9faut, seuls les tribunaux francophones ou n\u00e9erlandophones de l\u2019arrondissement judiciaire de Bruxelles sont comp\u00e9tents, sauf disposition l\u00e9gale imp\u00e9rative contraire.<\/span><\/p>\t\t\t\t\t\t\t\t<\/div>\n\t\t\t\t<\/div>\n\t\t\t\t\t<\/div>\n\t\t\t\t<\/div>\n\t\t\t\t<\/div>\n\t\t","protected":false},"excerpt":{"rendered":"<p>Conditions d\u2019utilisation du portail des membres \u2013 Becobra (anciennement BVVM\/UPCA) Les pr\u00e9sentes conditions s\u2019appliquent sp\u00e9cifiquement \u00e0 la partie s\u00e9curis\u00e9e du site internet de Becobra (ci-apr\u00e8s le \u00ab Portail des Membres \u00bb) et compl\u00e8tent les Conditions G\u00e9n\u00e9rales d\u2019Utilisation du site. 1. Identit\u00e9 et coordonn\u00e9es de l\u2019entreprise Ce site web et le Portail des Membres associ\u00e9 sont [&hellip;]<\/p>\n","protected":false},"author":1,"featured_media":0,"parent":0,"menu_order":0,"comment_status":"closed","ping_status":"closed","template":"","meta":{"_acf_changed":false,"footnotes":""},"class_list":["post-8423","page","type-page","status-publish","hentry"],"acf":[],"_links":{"self":[{"href":"https:\/\/becobra.be\/fr\/wp-json\/wp\/v2\/pages\/8423","targetHints":{"allow":["GET"]}}],"collection":[{"href":"https:\/\/becobra.be\/fr\/wp-json\/wp\/v2\/pages"}],"about":[{"href":"https:\/\/becobra.be\/fr\/wp-json\/wp\/v2\/types\/page"}],"author":[{"embeddable":true,"href":"https:\/\/becobra.be\/fr\/wp-json\/wp\/v2\/users\/1"}],"replies":[{"embeddable":true,"href":"https:\/\/becobra.be\/fr\/wp-json\/wp\/v2\/comments?post=8423"}],"version-history":[{"count":4,"href":"https:\/\/becobra.be\/fr\/wp-json\/wp\/v2\/pages\/8423\/revisions"}],"predecessor-version":[{"id":8441,"href":"https:\/\/becobra.be\/fr\/wp-json\/wp\/v2\/pages\/8423\/revisions\/8441"}],"wp:attachment":[{"href":"https:\/\/becobra.be\/fr\/wp-json\/wp\/v2\/media?parent=8423"}],"curies":[{"name":"wp","href":"https:\/\/api.w.org\/{rel}","templated":true}]}}