{"id":3202,"date":"2025-08-21T11:44:38","date_gmt":"2025-08-21T09:44:38","guid":{"rendered":"http:\/\/becobra.be\/comites-techniques\/market-solutions-non-life\/"},"modified":"2026-04-08T11:15:18","modified_gmt":"2026-04-08T09:15:18","slug":"solutions-de-marche-non-vie","status":"publish","type":"page","link":"https:\/\/becobra.be\/fr\/a-propos\/commissions-techniques\/solutions-de-marche-non-vie\/","title":{"rendered":"Solutions de march\u00e9 Non-vie"},"content":{"rendered":"\t\t<div data-elementor-type=\"wp-page\" data-elementor-id=\"3202\" class=\"elementor elementor-3202 elementor-1372\" data-elementor-settings=\"{&quot;element_pack_global_tooltip_width&quot;:{&quot;unit&quot;:&quot;px&quot;,&quot;size&quot;:&quot;&quot;,&quot;sizes&quot;:[]},&quot;element_pack_global_tooltip_width_tablet&quot;:{&quot;unit&quot;:&quot;px&quot;,&quot;size&quot;:&quot;&quot;,&quot;sizes&quot;:[]},&quot;element_pack_global_tooltip_width_mobile&quot;:{&quot;unit&quot;:&quot;px&quot;,&quot;size&quot;:&quot;&quot;,&quot;sizes&quot;:[]},&quot;element_pack_global_tooltip_padding&quot;:{&quot;unit&quot;:&quot;px&quot;,&quot;top&quot;:&quot;&quot;,&quot;right&quot;:&quot;&quot;,&quot;bottom&quot;:&quot;&quot;,&quot;left&quot;:&quot;&quot;,&quot;isLinked&quot;:true},&quot;element_pack_global_tooltip_padding_tablet&quot;:{&quot;unit&quot;:&quot;px&quot;,&quot;top&quot;:&quot;&quot;,&quot;right&quot;:&quot;&quot;,&quot;bottom&quot;:&quot;&quot;,&quot;left&quot;:&quot;&quot;,&quot;isLinked&quot;:true},&quot;element_pack_global_tooltip_padding_mobile&quot;:{&quot;unit&quot;:&quot;px&quot;,&quot;top&quot;:&quot;&quot;,&quot;right&quot;:&quot;&quot;,&quot;bottom&quot;:&quot;&quot;,&quot;left&quot;:&quot;&quot;,&quot;isLinked&quot;:true},&quot;element_pack_global_tooltip_border_radius&quot;:{&quot;unit&quot;:&quot;px&quot;,&quot;top&quot;:&quot;&quot;,&quot;right&quot;:&quot;&quot;,&quot;bottom&quot;:&quot;&quot;,&quot;left&quot;:&quot;&quot;,&quot;isLinked&quot;:true},&quot;element_pack_global_tooltip_border_radius_tablet&quot;:{&quot;unit&quot;:&quot;px&quot;,&quot;top&quot;:&quot;&quot;,&quot;right&quot;:&quot;&quot;,&quot;bottom&quot;:&quot;&quot;,&quot;left&quot;:&quot;&quot;,&quot;isLinked&quot;:true},&quot;element_pack_global_tooltip_border_radius_mobile&quot;:{&quot;unit&quot;:&quot;px&quot;,&quot;top&quot;:&quot;&quot;,&quot;right&quot;:&quot;&quot;,&quot;bottom&quot;:&quot;&quot;,&quot;left&quot;:&quot;&quot;,&quot;isLinked&quot;:true}}\" data-elementor-post-type=\"page\">\n\t\t\t\t<div data-dce-background-overlay-image-url=\"https:\/\/becobra.be\/wp-content\/uploads\/\/2025\/09\/67ada86e8455eca4e7b56a09_blocks-horizontal-1-1.svg\" class=\"elementor-element elementor-element-d9ff9ac e-flex e-con-boxed e-con e-parent\" data-id=\"d9ff9ac\" data-element_type=\"container\" data-e-type=\"container\" data-settings=\"{&quot;background_background&quot;:&quot;classic&quot;}\">\n\t\t\t\t\t<div class=\"e-con-inner\">\n\t\t<div class=\"elementor-element elementor-element-c0d5c37 e-con-full e-flex e-con e-child\" data-id=\"c0d5c37\" data-element_type=\"container\" data-e-type=\"container\">\n\t\t\t\t<div class=\"elementor-element elementor-element-0dfe802 elementor-widget-tablet__width-initial elementor-widget-mobile__width-inherit elementor-widget elementor-widget-heading\" data-id=\"0dfe802\" data-element_type=\"widget\" data-e-type=\"widget\" data-widget_type=\"heading.default\">\n\t\t\t\t<div class=\"elementor-widget-container\">\n\t\t\t\t\t<h1 class=\"elementor-heading-title elementor-size-default\">CT Solutions de march\u00e9 Non-vie<\/h1>\t\t\t\t<\/div>\n\t\t\t\t<\/div>\n\t\t\t\t<div class=\"elementor-element elementor-element-2c4b83c elementor-widget__width-initial elementor-widget-tablet__width-inherit elementor-widget elementor-widget-text-editor\" data-id=\"2c4b83c\" data-element_type=\"widget\" data-e-type=\"widget\" data-widget_type=\"text-editor.default\">\n\t\t\t\t<div class=\"elementor-widget-container\">\n\t\t\t\t\t\t\t\t\t<p>Le domaine des assurances non-vie est particuli\u00e8rement diversifi\u00e9 et en constante \u00e9volution. Cette commission r\u00e9unit, \u00e9ventuellement au sein de groupes de travail ad hoc ou non, des experts actifs dans des branches classiques telles que la responsabilit\u00e9 civile ou l\u2019incendie, ainsi que dans des domaines sp\u00e9cialis\u00e9s tels que les risques cr\u00e9dit ou transport. Elle suit de pr\u00e8s les nouvelles tendances et les nouveaux risques, en analyse l\u2019 impact sur les entreprises et les clients, et traduit, lorsque cela s\u2019av\u00e8re pertinent, ces insights en propositions concr\u00e8tes. En regroupant et en coordonnant l\u2019expertise technique, la commission soutient \u00e0 la fois le secteur et les autorit\u00e9s dans le d\u00e9veloppement de solutions innovantes et fiables, adapt\u00e9es \u00e0 un paysage de risques toujours plus complexe.<\/p>\t\t\t\t\t\t\t\t<\/div>\n\t\t\t\t<\/div>\n\t\t\t\t<\/div>\n\t\t\t\t\t<\/div>\n\t\t\t\t<\/div>\n\t\t<div class=\"elementor-element elementor-element-081956e e-flex e-con-boxed e-con e-parent\" data-id=\"081956e\" data-element_type=\"container\" data-e-type=\"container\">\n\t\t\t\t\t<div class=\"e-con-inner\">\n\t\t\t\t<div class=\"elementor-element elementor-element-e32f1f7 elementor-widget elementor-widget-heading\" data-id=\"e32f1f7\" data-element_type=\"widget\" data-e-type=\"widget\" data-widget_type=\"heading.default\">\n\t\t\t\t<div class=\"elementor-widget-container\">\n\t\t\t\t\t<h2 class=\"elementor-heading-title elementor-size-default\">Les experts au sein de cette commission<\/h2>\t\t\t\t<\/div>\n\t\t\t\t<\/div>\n\t\t\t\t<div class=\"elementor-element elementor-element-8f7e7ac elementor-widget elementor-widget-text-editor\" data-id=\"8f7e7ac\" data-element_type=\"widget\" data-e-type=\"widget\" data-widget_type=\"text-editor.default\">\n\t\t\t\t<div class=\"elementor-widget-container\">\n\t\t\t\t\t\t\t\t\t<table><tbody><tr><td><strong>Sara Brants<\/strong><\/td><td>Vanbreda Risk &amp; Benefits<\/td><\/tr><tr><td><strong>Geoffrey Cole<\/strong><\/td><td>Davies Broking Europe<\/td><\/tr><tr><td><strong>Frederik Goossens<\/strong><\/td><td>Marsh<\/td><\/tr><tr><td><strong>Christophe Liekens<\/strong><\/td><td>Howden Belgium<\/td><\/tr><tr><td><strong>Isabelle Mattelaer<\/strong><\/td><td>LRS Insurance<\/td><\/tr><tr><td><strong>Erwin Poff\u00e9<\/strong><\/td><td>ADD<\/td><\/tr><tr><td><strong>Beno\u00eet Tellier<\/strong><\/td><td>Wilink Insurance<\/td><\/tr><tr><td><strong>Rebecca Tielemans<\/strong><\/td><td>Hillewaere Insurance<\/td><\/tr><tr><td><strong>Margriet Van Kerrebroeck<\/strong><\/td><td>Howden Belgium<\/td><\/tr><tr><td><strong>Pascale Van Rhijn<\/strong><\/td><td>Howden Belgium<\/td><\/tr><tr><td><strong>Aur\u00e9lien Wasterlain<\/strong><\/td><td>Soyer &amp; Mamet<\/td><\/tr><\/tbody><\/table>\t\t\t\t\t\t\t\t<\/div>\n\t\t\t\t<\/div>\n\t\t\t\t\t<\/div>\n\t\t\t\t<\/div>\n\t\t\t\t<\/div>\n\t\t","protected":false},"excerpt":{"rendered":"<p>Le domaine des assurances non-vie est particuli\u00e8rement diversifi\u00e9 et en constante \u00e9volution. Cette commission r\u00e9unit, \u00e9ventuellement au sein de groupes de travail ad hoc ou non, des experts actifs dans des branches classiques telles que la responsabilit\u00e9 civile ou l\u2019incendie, ainsi que dans des domaines sp\u00e9cialis\u00e9s tels que les risques cr\u00e9dit ou transport. Elle suit [&hellip;]<\/p>\n","protected":false},"author":1,"featured_media":0,"parent":3187,"menu_order":0,"comment_status":"closed","ping_status":"closed","template":"","meta":{"_acf_changed":false,"footnotes":""},"class_list":["post-3202","page","type-page","status-publish","hentry"],"acf":[],"_links":{"self":[{"href":"https:\/\/becobra.be\/fr\/wp-json\/wp\/v2\/pages\/3202","targetHints":{"allow":["GET"]}}],"collection":[{"href":"https:\/\/becobra.be\/fr\/wp-json\/wp\/v2\/pages"}],"about":[{"href":"https:\/\/becobra.be\/fr\/wp-json\/wp\/v2\/types\/page"}],"author":[{"embeddable":true,"href":"https:\/\/becobra.be\/fr\/wp-json\/wp\/v2\/users\/1"}],"replies":[{"embeddable":true,"href":"https:\/\/becobra.be\/fr\/wp-json\/wp\/v2\/comments?post=3202"}],"version-history":[{"count":16,"href":"https:\/\/becobra.be\/fr\/wp-json\/wp\/v2\/pages\/3202\/revisions"}],"predecessor-version":[{"id":9153,"href":"https:\/\/becobra.be\/fr\/wp-json\/wp\/v2\/pages\/3202\/revisions\/9153"}],"up":[{"embeddable":true,"href":"https:\/\/becobra.be\/fr\/wp-json\/wp\/v2\/pages\/3187"}],"wp:attachment":[{"href":"https:\/\/becobra.be\/fr\/wp-json\/wp\/v2\/media?parent=3202"}],"curies":[{"name":"wp","href":"https:\/\/api.w.org\/{rel}","templated":true}]}}